{"id":408,"date":"2025-08-20T19:12:14","date_gmt":"2025-08-20T19:12:14","guid":{"rendered":"https:\/\/ajiarte.com\/?page_id=408"},"modified":"2025-09-12T18:29:32","modified_gmt":"2025-09-12T18:29:32","slug":"tecnicas","status":"publish","type":"page","link":"https:\/\/ajiarte.com\/index.php\/tecnicas\/","title":{"rendered":"T\u00e9cnicas"},"content":{"rendered":"\t\t<div data-elementor-type=\"wp-page\" data-elementor-id=\"408\" class=\"elementor elementor-408\" data-elementor-post-type=\"page\">\n\t\t\t\t<div class=\"elementor-element elementor-element-fa86655 e-flex e-con-boxed e-con e-parent\" data-id=\"fa86655\" data-element_type=\"container\" data-settings=\"{&quot;background_background&quot;:&quot;classic&quot;}\">\n\t\t\t\t\t<div class=\"e-con-inner\">\n\t\t<div class=\"elementor-element elementor-element-13962cd e-con-full e-flex e-con e-child\" data-id=\"13962cd\" data-element_type=\"container\">\n\t\t<div class=\"elementor-element elementor-element-e61d02e e-con-full e-flex e-con e-child\" data-id=\"e61d02e\" data-element_type=\"container\">\n\t\t\t\t<div class=\"elementor-element elementor-element-920a16c elementor-widget__width-initial elementor-widget elementor-widget-heading\" data-id=\"920a16c\" data-element_type=\"widget\" data-widget_type=\"heading.default\">\n\t\t\t\t\t<h2 class=\"elementor-heading-title elementor-size-default\">Nuestras t\u00e9cnicas y acabados<\/h2>\t\t\t\t<\/div>\n\t\t\t\t<div class=\"elementor-element elementor-element-c1becb6 elementor-widget elementor-widget-text-editor\" data-id=\"c1becb6\" data-element_type=\"widget\" data-widget_type=\"text-editor.default\">\n\t\t\t\t\t\t\t\t\t<p><strong>Intervenci\u00f3n a mano con pincel y o esp\u00e1tula:<\/strong> (cada cuadro est\u00e1 impreso en lienzo profesional y luego intervenido a mano por mi \u2013 eso significa que aplico pintura acr\u00edlica real (\u00a1s\u00ed, con pincel y esp\u00e1tula!) sobre partes claves de la imagen, este toque art\u00edstico cubre entre un 25% y 45% del cuadro y le da textura, brillo y una presencia \u00fanica<\/p>\t\t\t\t\t\t\t\t<\/div>\n\t\t\t\t<\/div>\n\t\t\t\t<\/div>\n\t\t<div class=\"elementor-element elementor-element-dbe643e e-flex e-con-boxed e-con e-child\" data-id=\"dbe643e\" data-element_type=\"container\">\n\t\t\t\t\t<div class=\"e-con-inner\">\n\t\t<div class=\"elementor-element elementor-element-864fa9f e-con-full e-flex e-con e-child\" data-id=\"864fa9f\" data-element_type=\"container\">\n\t\t\t\t<div class=\"elementor-element elementor-element-7711025 elementor-widget__width-initial elementor-widget elementor-widget-video\" data-id=\"7711025\" data-element_type=\"widget\" data-settings=\"{&quot;video_type&quot;:&quot;hosted&quot;,&quot;autoplay&quot;:&quot;yes&quot;,&quot;play_on_mobile&quot;:&quot;yes&quot;,&quot;mute&quot;:&quot;yes&quot;,&quot;loop&quot;:&quot;yes&quot;,&quot;controls&quot;:&quot;yes&quot;}\" data-widget_type=\"video.default\">\n\t\t\t\t\t\t\t<div class=\"e-hosted-video elementor-wrapper elementor-open-inline\">\n\t\t\t\t\t<video class=\"elementor-video\" src=\"https:\/\/ajiarte.com\/wp-content\/uploads\/2025\/08\/hojilla-de-pan-de-oro-1-1.mp4\" autoplay=\"\" loop=\"\" controls=\"\" muted=\"muted\" playsinline=\"\" controlsList=\"nodownload\"><\/video>\n\t\t\t\t<\/div>\n\t\t\t\t\t\t<\/div>\n\t\t\t\t<div class=\"elementor-element elementor-element-ea0c383 elementor-widget elementor-widget-text-editor\" data-id=\"ea0c383\" data-element_type=\"widget\" data-widget_type=\"text-editor.default\">\n\t\t\t\t\t\t\t\t\t<p><strong data-start=\"1384\" data-end=\"1409\">hojilla de pan de oro<\/strong>\u00a0<\/p><p>para un acabado dorado artesanal esta \u00a0l\u00e1mina ultrafina que imita el oro real es ideal. Se aplica manualmente, con precisi\u00f3n y paciencia. Agrega reflejos c\u00e1lidos, textura fina y un acabado elegante. \u00bfEl resultado? Una obra con luz propia y un toque de lujo que no se ve en cuadros comunes.<\/p><p>VALOR: $100.000<\/p><p>Este requerimiento se hace a trav\u00e9s de nuestro whatsapp\u00a0<\/p>\t\t\t\t\t\t\t\t<\/div>\n\t\t\t\t<\/div>\n\t\t<div class=\"elementor-element elementor-element-46f8abb e-con-full e-flex e-con e-child\" data-id=\"46f8abb\" data-element_type=\"container\">\n\t\t\t\t<div class=\"elementor-element elementor-element-97205e7 elementor-widget__width-initial elementor-widget elementor-widget-video\" data-id=\"97205e7\" data-element_type=\"widget\" data-settings=\"{&quot;video_type&quot;:&quot;hosted&quot;,&quot;mute&quot;:&quot;yes&quot;,&quot;loop&quot;:&quot;yes&quot;,&quot;autoplay&quot;:&quot;yes&quot;,&quot;controls&quot;:&quot;yes&quot;}\" data-widget_type=\"video.default\">\n\t\t\t\t\t\t\t<div class=\"e-hosted-video elementor-wrapper elementor-open-inline\">\n\t\t\t\t\t<video class=\"elementor-video\" src=\"https:\/\/ajiarte.com\/wp-content\/uploads\/2025\/09\/intervencion-a-mano-hasta-en-un-75.mp4\" autoplay=\"\" loop=\"\" controls=\"\" muted=\"muted\" controlsList=\"nodownload\"><\/video>\n\t\t\t\t<\/div>\n\t\t\t\t\t\t<\/div>\n\t\t\t\t<div class=\"elementor-element elementor-element-f04dd04 elementor-widget elementor-widget-text-editor\" data-id=\"f04dd04\" data-element_type=\"widget\" data-widget_type=\"text-editor.default\">\n\t\t\t\t\t\t\t\t\t<p><b>Intervenci\u00f3n extra:<\/b>\u00a0<\/p><p>Si quieres llevar tu obra a otro nivel, podemos aumentar la intervenci\u00f3n a mano hasta un <strong>75%<\/strong>\u00a0<\/p><p><span style=\"font-style: inherit; font-weight: inherit;\">VALOR:de $100.000 A 150.000 dependiendo del tama\u00f1o<\/span><\/p><p>\u00a0<\/p><p>Este requerimiento se hace a trav\u00e9s de nuestro whatsapp\u00a0<\/p>\t\t\t\t\t\t\t\t<\/div>\n\t\t\t\t<\/div>\n\t\t<div class=\"elementor-element elementor-element-1e527ef e-con-full e-flex e-con e-child\" data-id=\"1e527ef\" data-element_type=\"container\">\n\t\t\t\t<div class=\"elementor-element elementor-element-fb7af62 elementor-widget__width-initial elementor-widget elementor-widget-video\" data-id=\"fb7af62\" data-element_type=\"widget\" data-settings=\"{&quot;video_type&quot;:&quot;hosted&quot;,&quot;mute&quot;:&quot;yes&quot;,&quot;loop&quot;:&quot;yes&quot;,&quot;autoplay&quot;:&quot;yes&quot;,&quot;controls&quot;:&quot;yes&quot;}\" data-widget_type=\"video.default\">\n\t\t\t\t\t\t\t<div class=\"e-hosted-video elementor-wrapper elementor-open-inline\">\n\t\t\t\t\t<video class=\"elementor-video\" src=\"https:\/\/ajiarte.com\/wp-content\/uploads\/2025\/09\/intervencion-con-relieves.mp4\" autoplay=\"\" loop=\"\" controls=\"\" muted=\"muted\" controlsList=\"nodownload\"><\/video>\n\t\t\t\t<\/div>\n\t\t\t\t\t\t<\/div>\n\t\t\t\t<div class=\"elementor-element elementor-element-5bca58e elementor-widget elementor-widget-text-editor\" data-id=\"5bca58e\" data-element_type=\"widget\" data-widget_type=\"text-editor.default\">\n\t\t\t\t\t\t\t\t\t<p><b>Intervenci\u00f3n con texturas y relieves altos:\u00a0 \u00a0 \u00a0 \u00a0 \u00a0 \u00a0 \u00a0 \u00a0 \u00a0 \u00a0 \u00a0 \u00a0 \u00a0 \u00a0 \u00a0 \u00a0 <\/b><span style=\"font-style: inherit; font-weight: inherit;\">Si amas los relieves altos<\/span><span style=\"font-style: inherit; font-weight: inherit;\">\u00a0podemos cubrir tu obra con hasta un <\/span><strong style=\"font-style: inherit;\" data-start=\"222\" data-end=\"250\">75%<\/strong><span style=\"font-style: inherit; font-weight: inherit;\"> de relieve artesanal logrando una textura profunda, brillante y \u00fanica. Cada pieza se convierte en una experiencia tanto visual como t\u00e1ctil.<\/span><\/p><p><span style=\"font-style: inherit; font-weight: inherit;\">VALOR:de $100.000 A 150.000 dependiendo del tama\u00f1o<\/span><\/p><p>Este requerimiento se hace a trav\u00e9s de nuestro whatsapp\u00a0<\/p>\t\t\t\t\t\t\t\t<\/div>\n\t\t\t\t<\/div>\n\t\t\t\t\t<\/div>\n\t\t\t\t<\/div>\n\t\t<div class=\"elementor-element elementor-element-8b8c6b9 e-con-full e-flex e-con e-child\" data-id=\"8b8c6b9\" data-element_type=\"container\">\n\t\t\t\t<\/div>\n\t\t\t\t\t<\/div>\n\t\t\t\t<\/div>\n\t\t\t\t<\/div>\n\t\t","protected":false},"excerpt":{"rendered":"<p>Nuestras t\u00e9cnicas y acabados Intervenci\u00f3n a mano con pincel y o esp\u00e1tula: (cada cuadro est\u00e1 impreso en lienzo profesional y [&hellip;]<\/p>\n","protected":false},"author":1,"featured_media":0,"parent":0,"menu_order":0,"comment_status":"closed","ping_status":"closed","template":"","meta":{"site-sidebar-layout":"no-sidebar","site-content-layout":"","ast-site-content-layout":"full-width-container","site-content-style":"default","site-sidebar-style":"default","ast-global-header-display":"","ast-banner-title-visibility":"","ast-main-header-display":"disabled","ast-hfb-above-header-display":"","ast-hfb-below-header-display":"","ast-hfb-mobile-header-display":"disabled","site-post-title":"disabled","ast-breadcrumbs-content":"","ast-featured-img":"","footer-sml-layout":"","theme-transparent-header-meta":"default","adv-header-id-meta":"","stick-header-meta":"","header-above-stick-meta":"","header-main-stick-meta":"","header-below-stick-meta":"","astra-migrate-meta-layouts":"set","ast-page-background-enabled":"default","ast-page-background-meta":{"desktop":{"background-color":"var(--ast-global-color-5)","background-image":"","background-repeat":"repeat","background-position":"center center","background-size":"auto","background-attachment":"scroll","background-type":"","background-media":"","overlay-type":"","overlay-color":"","overlay-opacity":"","overlay-gradient":""},"tablet":{"background-color":"","background-image":"","background-repeat":"repeat","background-position":"center center","background-size":"auto","background-attachment":"scroll","background-type":"","background-media":"","overlay-type":"","overlay-color":"","overlay-opacity":"","overlay-gradient":""},"mobile":{"background-color":"","background-image":"","background-repeat":"repeat","background-position":"center center","background-size":"auto","background-attachment":"scroll","background-type":"","background-media":"","overlay-type":"","overlay-color":"","overlay-opacity":"","overlay-gradient":""}},"ast-content-background-meta":{"desktop":{"background-color":"var(--ast-global-color-4)","background-image":"","background-repeat":"repeat","background-position":"center center","background-size":"auto","background-attachment":"scroll","background-type":"","background-media":"","overlay-type":"","overlay-color":"","overlay-opacity":"","overlay-gradient":""},"tablet":{"background-color":"var(--ast-global-color-4)","background-image":"","background-repeat":"repeat","background-position":"center center","background-size":"auto","background-attachment":"scroll","background-type":"","background-media":"","overlay-type":"","overlay-color":"","overlay-opacity":"","overlay-gradient":""},"mobile":{"background-color":"var(--ast-global-color-4)","background-image":"","background-repeat":"repeat","background-position":"center center","background-size":"auto","background-attachment":"scroll","background-type":"","background-media":"","overlay-type":"","overlay-color":"","overlay-opacity":"","overlay-gradient":""}},"_joinchat":[],"footnotes":""},"class_list":["post-408","page","type-page","status-publish","hentry"],"_links":{"self":[{"href":"https:\/\/ajiarte.com\/index.php\/wp-json\/wp\/v2\/pages\/408","targetHints":{"allow":["GET"]}}],"collection":[{"href":"https:\/\/ajiarte.com\/index.php\/wp-json\/wp\/v2\/pages"}],"about":[{"href":"https:\/\/ajiarte.com\/index.php\/wp-json\/wp\/v2\/types\/page"}],"author":[{"embeddable":true,"href":"https:\/\/ajiarte.com\/index.php\/wp-json\/wp\/v2\/users\/1"}],"replies":[{"embeddable":true,"href":"https:\/\/ajiarte.com\/index.php\/wp-json\/wp\/v2\/comments?post=408"}],"version-history":[{"count":27,"href":"https:\/\/ajiarte.com\/index.php\/wp-json\/wp\/v2\/pages\/408\/revisions"}],"predecessor-version":[{"id":643,"href":"https:\/\/ajiarte.com\/index.php\/wp-json\/wp\/v2\/pages\/408\/revisions\/643"}],"wp:attachment":[{"href":"https:\/\/ajiarte.com\/index.php\/wp-json\/wp\/v2\/media?parent=408"}],"curies":[{"name":"wp","href":"https:\/\/api.w.org\/{rel}","templated":true}]}}