{"id":1223,"date":"2026-01-09T19:14:19","date_gmt":"2026-01-09T19:14:19","guid":{"rendered":"https:\/\/ajiarte.com\/?post_type=product&#038;p=1223"},"modified":"2026-01-09T19:18:09","modified_gmt":"2026-01-09T19:18:09","slug":"luz-de-serena-devocion","status":"publish","type":"product","link":"https:\/\/ajiarte.com\/index.php\/producto\/luz-de-serena-devocion\/","title":{"rendered":"Luz de Serena Devoci\u00f3n"},"content":{"rendered":"<p>Esta pieza captura un momento de paz profunda y conexi\u00f3n divina. Transmite una sensaci\u00f3n de protecci\u00f3n y gu\u00eda espiritual, ideal para transformar cualquier espacio en un refugio de serenidad y esperanza. Es un recordatorio visual de la fuerza que reside en la oraci\u00f3n y el silencio interior.<\/p>\n<p>2. T\u00e9cnica y Estilo<\/p>\n<p>Obra de estilo impresionista contempor\u00e1neo con una vibrante fusi\u00f3n de arte digital y texturas de \u00f3leo. Destaca su halo radiante en tonos dorados con pinceladas en\u00e9rgicas que contrastan magistralmente con la suavidad del rostro, creando un efecto de iluminaci\u00f3n celestial \u00fanico.<\/p>\n","protected":false},"excerpt":{"rendered":"<blockquote><p><strong>incluye envi\u00f3<\/strong><\/p>\n<p><span style=\"font-size: 16px; -webkit-text-size-adjust: 100%;\">Tu cuadro tardar\u00e1 13 d\u00edas h\u00e1biles en ser enviado<\/span><\/p><\/blockquote>\n","protected":false},"featured_media":1231,"comment_status":"open","ping_status":"closed","template":"","meta":{"site-sidebar-layout":"default","site-content-layout":"","ast-site-content-layout":"default","site-content-style":"default","site-sidebar-style":"default","ast-global-header-display":"","ast-banner-title-visibility":"","ast-main-header-display":"","ast-hfb-above-header-display":"","ast-hfb-below-header-display":"","ast-hfb-mobile-header-display":"","site-post-title":"","ast-breadcrumbs-content":"","ast-featured-img":"","footer-sml-layout":"","theme-transparent-header-meta":"default","adv-header-id-meta":"","stick-header-meta":"","header-above-stick-meta":"","header-main-stick-meta":"","header-below-stick-meta":"","astra-migrate-meta-layouts":"set","ast-page-background-enabled":"default","ast-page-background-meta":{"desktop":{"background-color":"var(--ast-global-color-5)","background-image":"","background-repeat":"repeat","background-position":"center center","background-size":"auto","background-attachment":"scroll","background-type":"","background-media":"","overlay-type":"","overlay-color":"","overlay-opacity":"","overlay-gradient":""},"tablet":{"background-color":"","background-image":"","background-repeat":"repeat","background-position":"center center","background-size":"auto","background-attachment":"scroll","background-type":"","background-media":"","overlay-type":"","overlay-color":"","overlay-opacity":"","overlay-gradient":""},"mobile":{"background-color":"","background-image":"","background-repeat":"repeat","background-position":"center center","background-size":"auto","background-attachment":"scroll","background-type":"","background-media":"","overlay-type":"","overlay-color":"","overlay-opacity":"","overlay-gradient":""}},"ast-content-background-meta":{"desktop":{"background-color":"var(--ast-global-color-4)","background-image":"","background-repeat":"repeat","background-position":"center center","background-size":"auto","background-attachment":"scroll","background-type":"","background-media":"","overlay-type":"","overlay-color":"","overlay-opacity":"","overlay-gradient":""},"tablet":{"background-color":"var(--ast-global-color-4)","background-image":"","background-repeat":"repeat","background-position":"center center","background-size":"auto","background-attachment":"scroll","background-type":"","background-media":"","overlay-type":"","overlay-color":"","overlay-opacity":"","overlay-gradient":""},"mobile":{"background-color":"var(--ast-global-color-4)","background-image":"","background-repeat":"repeat","background-position":"center center","background-size":"auto","background-attachment":"scroll","background-type":"","background-media":"","overlay-type":"","overlay-color":"","overlay-opacity":"","overlay-gradient":""}},"_joinchat":[]},"product_brand":[],"product_cat":[40,55],"product_tag":[],"class_list":{"0":"post-1223","1":"product","2":"type-product","3":"status-publish","4":"has-post-thumbnail","6":"product_cat-precio-extandar","7":"product_cat-religioso","8":"desktop-align-left","9":"tablet-align-left","10":"mobile-align-left","12":"first","13":"instock","14":"shipping-taxable","15":"purchasable","16":"product-type-variable"},"_links":{"self":[{"href":"https:\/\/ajiarte.com\/index.php\/wp-json\/wp\/v2\/product\/1223","targetHints":{"allow":["GET"]}}],"collection":[{"href":"https:\/\/ajiarte.com\/index.php\/wp-json\/wp\/v2\/product"}],"about":[{"href":"https:\/\/ajiarte.com\/index.php\/wp-json\/wp\/v2\/types\/product"}],"replies":[{"embeddable":true,"href":"https:\/\/ajiarte.com\/index.php\/wp-json\/wp\/v2\/comments?post=1223"}],"wp:featuredmedia":[{"embeddable":true,"href":"https:\/\/ajiarte.com\/index.php\/wp-json\/wp\/v2\/media\/1231"}],"wp:attachment":[{"href":"https:\/\/ajiarte.com\/index.php\/wp-json\/wp\/v2\/media?parent=1223"}],"wp:term":[{"taxonomy":"product_brand","embeddable":true,"href":"https:\/\/ajiarte.com\/index.php\/wp-json\/wp\/v2\/product_brand?post=1223"},{"taxonomy":"product_cat","embeddable":true,"href":"https:\/\/ajiarte.com\/index.php\/wp-json\/wp\/v2\/product_cat?post=1223"},{"taxonomy":"product_tag","embeddable":true,"href":"https:\/\/ajiarte.com\/index.php\/wp-json\/wp\/v2\/product_tag?post=1223"}],"curies":[{"name":"wp","href":"https:\/\/api.w.org\/{rel}","templated":true}]}}