{"id":1505,"date":"2026-01-19T16:06:20","date_gmt":"2026-01-19T16:06:20","guid":{"rendered":"https:\/\/ajiarte.com\/?post_type=product&#038;p=1505"},"modified":"2026-01-19T16:10:30","modified_gmt":"2026-01-19T16:10:30","slug":"jesus-oracion-profunda","status":"publish","type":"product","link":"https:\/\/ajiarte.com\/index.php\/producto\/jesus-oracion-profunda\/","title":{"rendered":"Jes\u00fas Oraci\u00f3n Profunda"},"content":{"rendered":"<p>Este Jes\u00fas emana una serenidad trascendental, transformando cualquier estancia en un refugio de paz y contemplaci\u00f3n. Su atm\u00f3sfera de luz divina invita a la introspecci\u00f3n, aportando una energ\u00eda c\u00e1lida y equilibrada que eleva el bienestar emocional dentro del hogar, convirtiendo las paredes en un testimonio de fe y calma absoluta.<\/p>\n<p>Detalles T\u00e9cnicos<\/p>\n<p>Con un estilo impresionista contempor\u00e1neo, la pieza destaca por sus pinceladas texturizadas y una paleta org\u00e1nica en tonos ocres, crema y oro. El magistral manejo del claroscuro crea un efecto de luz celestial, mientras que el relieve visual a\u00f1ade profundidad, logrando una est\u00e9tica sofisticada y atemporal de gran impacto.<\/p>\n","protected":false},"excerpt":{"rendered":"<p>Este cuadro\u00a0 incluye aplicaci\u00f3n en hojilla de pan de oro<\/p>\n<p>tu cuadro tardar\u00e1 13 d\u00edas h\u00e1biles en ser enviado<\/p>\n<p><strong>incluye env\u00edo<\/strong><\/p>\n","protected":false},"featured_media":1513,"comment_status":"open","ping_status":"closed","template":"","meta":{"site-sidebar-layout":"default","site-content-layout":"","ast-site-content-layout":"default","site-content-style":"default","site-sidebar-style":"default","ast-global-header-display":"","ast-banner-title-visibility":"","ast-main-header-display":"","ast-hfb-above-header-display":"","ast-hfb-below-header-display":"","ast-hfb-mobile-header-display":"","site-post-title":"","ast-breadcrumbs-content":"","ast-featured-img":"","footer-sml-layout":"","theme-transparent-header-meta":"default","adv-header-id-meta":"","stick-header-meta":"","header-above-stick-meta":"","header-main-stick-meta":"","header-below-stick-meta":"","astra-migrate-meta-layouts":"set","ast-page-background-enabled":"default","ast-page-background-meta":{"desktop":{"background-color":"var(--ast-global-color-5)","background-image":"","background-repeat":"repeat","background-position":"center center","background-size":"auto","background-attachment":"scroll","background-type":"","background-media":"","overlay-type":"","overlay-color":"","overlay-opacity":"","overlay-gradient":""},"tablet":{"background-color":"","background-image":"","background-repeat":"repeat","background-position":"center center","background-size":"auto","background-attachment":"scroll","background-type":"","background-media":"","overlay-type":"","overlay-color":"","overlay-opacity":"","overlay-gradient":""},"mobile":{"background-color":"","background-image":"","background-repeat":"repeat","background-position":"center center","background-size":"auto","background-attachment":"scroll","background-type":"","background-media":"","overlay-type":"","overlay-color":"","overlay-opacity":"","overlay-gradient":""}},"ast-content-background-meta":{"desktop":{"background-color":"var(--ast-global-color-4)","background-image":"","background-repeat":"repeat","background-position":"center center","background-size":"auto","background-attachment":"scroll","background-type":"","background-media":"","overlay-type":"","overlay-color":"","overlay-opacity":"","overlay-gradient":""},"tablet":{"background-color":"var(--ast-global-color-4)","background-image":"","background-repeat":"repeat","background-position":"center center","background-size":"auto","background-attachment":"scroll","background-type":"","background-media":"","overlay-type":"","overlay-color":"","overlay-opacity":"","overlay-gradient":""},"mobile":{"background-color":"var(--ast-global-color-4)","background-image":"","background-repeat":"repeat","background-position":"center center","background-size":"auto","background-attachment":"scroll","background-type":"","background-media":"","overlay-type":"","overlay-color":"","overlay-opacity":"","overlay-gradient":""}},"_joinchat":[]},"product_brand":[],"product_cat":[42,39,55],"product_tag":[],"class_list":{"0":"post-1505","1":"product","2":"type-product","3":"status-publish","4":"has-post-thumbnail","6":"product_cat-hojilla-de-pan-de-oro","7":"product_cat-precio-extra-con-tecnica","8":"product_cat-religioso","9":"desktop-align-left","10":"tablet-align-left","11":"mobile-align-left","13":"first","14":"instock","15":"shipping-taxable","16":"purchasable","17":"product-type-variable"},"_links":{"self":[{"href":"https:\/\/ajiarte.com\/index.php\/wp-json\/wp\/v2\/product\/1505","targetHints":{"allow":["GET"]}}],"collection":[{"href":"https:\/\/ajiarte.com\/index.php\/wp-json\/wp\/v2\/product"}],"about":[{"href":"https:\/\/ajiarte.com\/index.php\/wp-json\/wp\/v2\/types\/product"}],"replies":[{"embeddable":true,"href":"https:\/\/ajiarte.com\/index.php\/wp-json\/wp\/v2\/comments?post=1505"}],"wp:featuredmedia":[{"embeddable":true,"href":"https:\/\/ajiarte.com\/index.php\/wp-json\/wp\/v2\/media\/1513"}],"wp:attachment":[{"href":"https:\/\/ajiarte.com\/index.php\/wp-json\/wp\/v2\/media?parent=1505"}],"wp:term":[{"taxonomy":"product_brand","embeddable":true,"href":"https:\/\/ajiarte.com\/index.php\/wp-json\/wp\/v2\/product_brand?post=1505"},{"taxonomy":"product_cat","embeddable":true,"href":"https:\/\/ajiarte.com\/index.php\/wp-json\/wp\/v2\/product_cat?post=1505"},{"taxonomy":"product_tag","embeddable":true,"href":"https:\/\/ajiarte.com\/index.php\/wp-json\/wp\/v2\/product_tag?post=1505"}],"curies":[{"name":"wp","href":"https:\/\/api.w.org\/{rel}","templated":true}]}}